{"id":31,"date":"2026-04-13T02:03:54","date_gmt":"2026-04-13T02:03:54","guid":{"rendered":"https:\/\/188m.casino\/?page_id=31"},"modified":"2026-04-13T02:22:39","modified_gmt":"2026-04-13T02:22:39","slug":"trang-chu","status":"publish","type":"page","link":"https:\/\/188m.casino\/","title":{"rendered":"Trang ch\u1ee7"},"content":{"rendered":"<div class=\"slider-wrapper relative\" id=\"slider-1920188233\" >\n    <div class=\"slider slider-nav-circle slider-nav-large slider-nav-light slider-style-normal\"\n        data-flickity-options='{\n            \"cellAlign\": \"center\",\n            \"imagesLoaded\": true,\n            \"lazyLoad\": 1,\n            \"freeScroll\": false,\n            \"wrapAround\": true,\n            \"autoPlay\": 1200,\n            \"pauseAutoPlayOnHover\" : true,\n            \"prevNextButtons\": true,\n            \"contain\" : true,\n            \"adaptiveHeight\" : true,\n            \"dragThreshold\" : 10,\n            \"percentPosition\": true,\n            \"pageDots\": true,\n            \"rightToLeft\": false,\n            \"draggable\": true,\n            \"selectedAttraction\": 0.1,\n            \"parallax\" : 0,\n            \"friction\": 0.6        }'\n        >\n        \n\t<div class=\"img has-hover x md-x lg-x y md-y lg-y\" id=\"image_197517867\">\n\t\t<a class=\"\" href=\"https:\/\/188m.casino\/qc\/1\" target=\"_blank\" rel=\"noopener\" >\t\t\t\t\t\t<div class=\"img-inner dark\" >\n\t\t\t<img loading=\"lazy\" decoding=\"async\" width=\"1020\" height=\"300\" src=\"https:\/\/188m.casino\/wp-content\/uploads\/2026\/04\/188m-hoan.avif\" class=\"attachment-original size-original\" alt=\"188m\" srcset=\"https:\/\/188m.casino\/wp-content\/uploads\/2026\/04\/188m-hoan.avif 1020w, https:\/\/188m.casino\/wp-content\/uploads\/2026\/04\/188m-hoan-300x88.avif 300w, https:\/\/188m.casino\/wp-content\/uploads\/2026\/04\/188m-hoan-768x226.avif 768w\" sizes=\"auto, (max-width: 1020px) 100vw, 1020px\" \/>\t\t\t\t\t\t\n\t\t\t\t\t<\/div>\n\t\t\t\t\t\t<\/a>\t\t\n<style>\n#image_197517867 {\n  width: 100%;\n}\n<\/style>\n\t<\/div>\n\t\n\t<div class=\"img has-hover x md-x lg-x y md-y lg-y\" id=\"image_997578203\">\n\t\t<a class=\"\" href=\"https:\/\/188m.casino\/qc\/1\" target=\"_blank\" rel=\"noopener\" >\t\t\t\t\t\t<div class=\"img-inner dark\" >\n\t\t\t<img loading=\"lazy\" decoding=\"async\" width=\"1020\" height=\"300\" src=\"https:\/\/188m.casino\/wp-content\/uploads\/2026\/04\/188m-vip-2.avif\" class=\"attachment-original size-original\" alt=\"188m\" srcset=\"https:\/\/188m.casino\/wp-content\/uploads\/2026\/04\/188m-vip-2.avif 1020w, https:\/\/188m.casino\/wp-content\/uploads\/2026\/04\/188m-vip-2-300x88.avif 300w, https:\/\/188m.casino\/wp-content\/uploads\/2026\/04\/188m-vip-2-768x226.avif 768w\" sizes=\"auto, (max-width: 1020px) 100vw, 1020px\" \/>\t\t\t\t\t\t\n\t\t\t\t\t<\/div>\n\t\t\t\t\t\t<\/a>\t\t\n<style>\n#image_997578203 {\n  width: 100%;\n}\n<\/style>\n\t<\/div>\n\t\n\t<div class=\"img has-hover x md-x lg-x y md-y lg-y\" id=\"image_203328435\">\n\t\t<a class=\"\" href=\"https:\/\/188m.casino\/qc\/1\" target=\"_blank\" rel=\"noopener\" >\t\t\t\t\t\t<div class=\"img-inner dark\" >\n\t\t\t<img loading=\"lazy\" decoding=\"async\" width=\"1020\" height=\"300\" src=\"https:\/\/188m.casino\/wp-content\/uploads\/2026\/04\/188m-tai1111.avif\" class=\"attachment-original size-original\" alt=\"188m\" srcset=\"https:\/\/188m.casino\/wp-content\/uploads\/2026\/04\/188m-tai1111.avif 1020w, https:\/\/188m.casino\/wp-content\/uploads\/2026\/04\/188m-tai1111-300x88.avif 300w, https:\/\/188m.casino\/wp-content\/uploads\/2026\/04\/188m-tai1111-768x226.avif 768w\" sizes=\"auto, (max-width: 1020px) 100vw, 1020px\" \/>\t\t\t\t\t\t\n\t\t\t\t\t<\/div>\n\t\t\t\t\t\t<\/a>\t\t\n<style>\n#image_203328435 {\n  width: 100%;\n}\n<\/style>\n\t<\/div>\n\t\n     <\/div>\n\n     <div class=\"loading-spin dark large centered\"><\/div>\n\n\t<\/div>\n\n\n<div class=\"row\"  id=\"row-1355335759\">\n\n\t<div id=\"col-120183676\" class=\"col medium-6 small-12 large-6\"  >\n\t\t\t\t<div class=\"col-inner\"  >\n\t\t\t\n\t\t\t\n<div class=\"row\"  id=\"row-6866535\">\n\n\t<div id=\"col-1343723611\" class=\"col medium-4 small-12 large-4\"  >\n\t\t\t\t<div class=\"col-inner\"  >\n\t\t\t\n\t\t\t\n\t<div class=\"img has-hover x md-x lg-x y md-y lg-y\" id=\"image_192519515\">\n\t\t<a class=\"\" href=\"https:\/\/188m.casino\/qc\/1\" target=\"_blank\" rel=\"noopener\" >\t\t\t\t\t\t<div class=\"img-inner dark\" >\n\t\t\t<img loading=\"lazy\" decoding=\"async\" width=\"180\" height=\"300\" src=\"https:\/\/188m.casino\/wp-content\/uploads\/2026\/04\/cs.png\" class=\"attachment-original size-original\" alt=\"188m\" \/>\t\t\t\t\t\t\n\t\t\t\t\t<\/div>\n\t\t\t\t\t\t<\/a>\t\t\n<style>\n#image_192519515 {\n  width: 100%;\n}\n<\/style>\n\t<\/div>\n\t\n\t\t<\/div>\n\t\t\t\t\t<\/div>\n\n\t\n\n\t<div id=\"col-618036126\" class=\"col medium-4 small-12 large-4\"  >\n\t\t\t\t<div class=\"col-inner\"  >\n\t\t\t\n\t\t\t\n\t<div class=\"img has-hover x md-x lg-x y md-y lg-y\" id=\"image_246825806\">\n\t\t<a class=\"\" href=\"https:\/\/188m.casino\/qc\/1\" target=\"_blank\" rel=\"noopener\" >\t\t\t\t\t\t<div class=\"img-inner dark\" >\n\t\t\t<img loading=\"lazy\" decoding=\"async\" width=\"300\" height=\"500\" src=\"https:\/\/188m.casino\/wp-content\/uploads\/2026\/04\/thethao-5.png\" class=\"attachment-original size-original\" alt=\"188m\" srcset=\"https:\/\/188m.casino\/wp-content\/uploads\/2026\/04\/thethao-5.png 300w, https:\/\/188m.casino\/wp-content\/uploads\/2026\/04\/thethao-5-180x300.png 180w\" sizes=\"auto, (max-width: 300px) 100vw, 300px\" \/>\t\t\t\t\t\t\n\t\t\t\t\t<\/div>\n\t\t\t\t\t\t<\/a>\t\t\n<style>\n#image_246825806 {\n  width: 100%;\n}\n<\/style>\n\t<\/div>\n\t\n\t\t<\/div>\n\t\t\t\t\t<\/div>\n\n\t\n\n\t<div id=\"col-1370190250\" class=\"col medium-4 small-12 large-4\"  >\n\t\t\t\t<div class=\"col-inner\"  >\n\t\t\t\n\t\t\t\n\t<div class=\"img has-hover x md-x lg-x y md-y lg-y\" id=\"image_1820088573\">\n\t\t<a class=\"\" href=\"https:\/\/188m.casino\/qc\/1\" target=\"_blank\" rel=\"noopener\" >\t\t\t\t\t\t<div class=\"img-inner dark\" >\n\t\t\t<img loading=\"lazy\" decoding=\"async\" width=\"300\" height=\"500\" src=\"https:\/\/188m.casino\/wp-content\/uploads\/2026\/04\/nohu-4.png\" class=\"attachment-original size-original\" alt=\"188m\" srcset=\"https:\/\/188m.casino\/wp-content\/uploads\/2026\/04\/nohu-4.png 300w, https:\/\/188m.casino\/wp-content\/uploads\/2026\/04\/nohu-4-180x300.png 180w\" sizes=\"auto, (max-width: 300px) 100vw, 300px\" \/>\t\t\t\t\t\t\n\t\t\t\t\t<\/div>\n\t\t\t\t\t\t<\/a>\t\t\n<style>\n#image_1820088573 {\n  width: 100%;\n}\n<\/style>\n\t<\/div>\n\t\n\t\t<\/div>\n\t\t\t\t\t<\/div>\n\n\t\n<\/div>\n\t\t<\/div>\n\t\t\t\t\t<\/div>\n\n\t\n\n\t<div id=\"col-1275676015\" class=\"col medium-6 small-12 large-6\"  >\n\t\t\t\t<div class=\"col-inner\"  >\n\t\t\t\n\t\t\t\n<div class=\"row\"  id=\"row-2071518387\">\n\n\t<div id=\"col-1365828185\" class=\"col medium-4 small-12 large-4\"  >\n\t\t\t\t<div class=\"col-inner\"  >\n\t\t\t\n\t\t\t\n\t<div class=\"img has-hover x md-x lg-x y md-y lg-y\" id=\"image_1059316554\">\n\t\t<a class=\"\" href=\"https:\/\/188m.casino\/qc\/1\" target=\"_blank\" rel=\"noopener\" >\t\t\t\t\t\t<div class=\"img-inner dark\" >\n\t\t\t<img loading=\"lazy\" decoding=\"async\" width=\"300\" height=\"500\" src=\"https:\/\/188m.casino\/wp-content\/uploads\/2026\/04\/banca-5.png\" class=\"attachment-original size-original\" alt=\"188m\" srcset=\"https:\/\/188m.casino\/wp-content\/uploads\/2026\/04\/banca-5.png 300w, https:\/\/188m.casino\/wp-content\/uploads\/2026\/04\/banca-5-180x300.png 180w\" sizes=\"auto, (max-width: 300px) 100vw, 300px\" \/>\t\t\t\t\t\t\n\t\t\t\t\t<\/div>\n\t\t\t\t\t\t<\/a>\t\t\n<style>\n#image_1059316554 {\n  width: 100%;\n}\n<\/style>\n\t<\/div>\n\t\n\t\t<\/div>\n\t\t\t\t\t<\/div>\n\n\t\n\n\t<div id=\"col-160461029\" class=\"col medium-4 small-12 large-4\"  >\n\t\t\t\t<div class=\"col-inner\"  >\n\t\t\t\n\t\t\t\n\t<div class=\"img has-hover x md-x lg-x y md-y lg-y\" id=\"image_1045992950\">\n\t\t<a class=\"\" href=\"https:\/\/188m.casino\/qc\/1\" target=\"_blank\" rel=\"noopener\" >\t\t\t\t\t\t<div class=\"img-inner dark\" >\n\t\t\t<img loading=\"lazy\" decoding=\"async\" width=\"300\" height=\"500\" src=\"https:\/\/188m.casino\/wp-content\/uploads\/2026\/04\/xoso-3.png\" class=\"attachment-original size-original\" alt=\"188m\" srcset=\"https:\/\/188m.casino\/wp-content\/uploads\/2026\/04\/xoso-3.png 300w, https:\/\/188m.casino\/wp-content\/uploads\/2026\/04\/xoso-3-180x300.png 180w\" sizes=\"auto, (max-width: 300px) 100vw, 300px\" \/>\t\t\t\t\t\t\n\t\t\t\t\t<\/div>\n\t\t\t\t\t\t<\/a>\t\t\n<style>\n#image_1045992950 {\n  width: 100%;\n}\n<\/style>\n\t<\/div>\n\t\n\t\t<\/div>\n\t\t\t\t\t<\/div>\n\n\t\n\n\t<div id=\"col-1984718347\" class=\"col medium-4 small-12 large-4\"  >\n\t\t\t\t<div class=\"col-inner\"  >\n\t\t\t\n\t\t\t\n\t<div class=\"img has-hover x md-x lg-x y md-y lg-y\" id=\"image_1358179113\">\n\t\t<a class=\"\" href=\"https:\/\/188m.casino\/qc\/1\" target=\"_blank\" rel=\"noopener\" >\t\t\t\t\t\t<div class=\"img-inner dark\" >\n\t\t\t<img loading=\"lazy\" decoding=\"async\" width=\"300\" height=\"500\" src=\"https:\/\/188m.casino\/wp-content\/uploads\/2026\/04\/daga-4.png\" class=\"attachment-original size-original\" alt=\"188m\" srcset=\"https:\/\/188m.casino\/wp-content\/uploads\/2026\/04\/daga-4.png 300w, https:\/\/188m.casino\/wp-content\/uploads\/2026\/04\/daga-4-180x300.png 180w\" sizes=\"auto, (max-width: 300px) 100vw, 300px\" \/>\t\t\t\t\t\t\n\t\t\t\t\t<\/div>\n\t\t\t\t\t\t<\/a>\t\t\n<style>\n#image_1358179113 {\n  width: 100%;\n}\n<\/style>\n\t<\/div>\n\t\n\t\t<\/div>\n\t\t\t\t\t<\/div>\n\n\t\n<\/div>\n\t\t<\/div>\n\t\t\t\t\t<\/div>\n\n\t\n<\/div>\n<div class=\"row\"  id=\"row-600743254\">\n\n\t<div id=\"col-1809174355\" class=\"col small-12 large-12\"  >\n\t\t\t\t<div class=\"col-inner\"  >\n\t\t\t\n\t\t\t\n\t<div id=\"text-3137948486\" class=\"text\">\n\t\t\n<h1 style=\"text-align: center;\"><span style=\"font-family: verdana, geneva, sans-serif;\"><strong><a href=\"https:\/\/188m.com\/\" target=\"_blank\" rel=\"noopener\">188M<\/a> &#8211; Trang Ch\u1ee7 Uy T\u00edn 188m.com \u2013 \u01afu \u0110\u00e3i +6.666k Th\u01b0\u1edfng N\u1ea1p \u0110\u1ea7u<\/strong><\/span><\/h1>\n<p><img loading=\"lazy\" decoding=\"async\" class=\"aligncenter wp-image-50 size-full\" src=\"https:\/\/188m.casino\/wp-content\/uploads\/2026\/04\/188m1-1024x320-1.png\" alt=\"188m\" width=\"1024\" height=\"320\" srcset=\"https:\/\/188m.casino\/wp-content\/uploads\/2026\/04\/188m1-1024x320-1.png 1024w, https:\/\/188m.casino\/wp-content\/uploads\/2026\/04\/188m1-1024x320-1-300x94.png 300w, https:\/\/188m.casino\/wp-content\/uploads\/2026\/04\/188m1-1024x320-1-768x240.png 768w\" sizes=\"auto, (max-width: 1024px) 100vw, 1024px\" \/><\/p>\n<blockquote>\n<div class=\"Y3BBE\" data-sfc-cp=\"\" data-sfc-root=\"c\" data-sfc-cb=\"\" data-hveid=\"CAEIBBAA\" data-complete=\"true\" data-processed=\"true\"><span style=\"font-family: verdana, geneva, sans-serif;\"><strong class=\"Yjhzub\" data-sfc-root=\"c\" data-sfc-cb=\"\" data-complete=\"true\" data-processed=\"true\">188M<\/strong> \u0111\u01b0\u1ee3c kh\u1eb3ng \u0111\u1ecbnh l\u00e0 s\u00e2n ch\u01a1i c\u00e1 c\u01b0\u1ee3c tr\u1ef1c tuy\u1ebfn an to\u00e0n, uy t\u00edn v\u00e0 t\u1ed1i \u01b0u tr\u1ea3i nghi\u1ec7m ng\u01b0\u1eddi d\u00f9ng nh\u1ea5t hi\u1ec7n nay. V\u1edbi giao di\u1ec7n th\u00e2n thi\u1ec7n, t\u1ed1c \u0111\u1ed9 x\u1eed l\u00fd nhanh ch\u00f3ng, h\u1ec7 th\u1ed1ng b\u1ea3o m\u1eadt tuy\u1ec7t \u0111\u1ed1i c\u00f9ng d\u1ecbch v\u1ee5 h\u1ed7 tr\u1ee3 24\/7, 188M cam k\u1ebft mang \u0111\u1ebfn kh\u00f4ng gian gi\u1ea3i tr\u00ed tr\u1ecdn v\u1eb9n v\u00e0 \u0111\u00e1ng tin c\u1eady cho m\u1ecdi game th\u1ee7.<\/span><\/div>\n<div class=\"Y3BBE\" data-sfc-cp=\"\" data-sfc-root=\"c\" data-sfc-cb=\"\" data-hveid=\"CAEIBBAA\" data-complete=\"true\" data-processed=\"true\"><span style=\"font-family: verdana, geneva, sans-serif;\"><strong class=\"Yjhzub\" style=\"color: #555555; font-size: 14.4px;\" data-sfc-root=\"c\" data-sfc-cb=\"\" data-complete=\"true\" aria-owns=\"action-menu-parent-container\">Link truy c\u1eadp ch\u00ednh th\u1ee9c c\u1ed5ng game 188M: <a href=\"https:\/\/188m.casino\/\">https:\/\/188m.casino\/<\/a><\/strong><\/span><\/div>\n<\/blockquote>\n<h2 class=\"otQkpb\" role=\"heading\" aria-level=\"3\" data-sfc-root=\"c\" data-complete=\"true\" data-processed=\"true\"><span style=\"font-family: verdana, geneva, sans-serif;\"><strong>Nh\u1eefng \u0110i\u1ec3m M\u1ea1nh V\u01b0\u1ee3t Tr\u1ed9i L\u00e0m N\u00ean T\u00ean Tu\u1ed5i 188M<\/strong><\/span><\/h2>\n<div class=\"Y3BBE\" data-sfc-cp=\"\" data-sfc-root=\"c\" data-sfc-cb=\"\" data-hveid=\"CAEICBAA\" data-complete=\"true\" data-processed=\"true\"><span style=\"font-family: verdana, geneva, sans-serif;\">\u0110\u1ec3 kh\u1eb3ng \u0111\u1ecbnh v\u1ecb th\u1ebf d\u1eabn \u0111\u1ea7u t\u1ea1i th\u1ecb tr\u01b0\u1eddng ch\u00e2u \u00c1, 188M \u0111\u00e3 kh\u00f4ng ng\u1eebng \u0111\u1ea7u t\u01b0 v\u00e0o h\u1ec7 th\u1ed1ng v\u00e0 d\u1ecbch v\u1ee5, mang l\u1ea1i nh\u1eefng gi\u00e1 tr\u1ecb kh\u00e1c bi\u1ec7t cho ng\u01b0\u1eddi ch\u01a1i:<\/span><\/div>\n<p class=\"otQkpb\" role=\"heading\" aria-level=\"3\" data-sfc-root=\"c\" data-complete=\"true\" data-processed=\"true\"><span style=\"font-family: verdana, geneva, sans-serif;\"><strong>Uy t\u00edn v\u00e0 B\u1ea3o m\u1eadt h\u00e0ng \u0111\u1ea7u<\/strong><\/span><\/p>\n<div class=\"Y3BBE\" data-sfc-cp=\"\" data-sfc-root=\"c\" data-sfc-cb=\"\" data-hveid=\"CAEIChAA\" data-complete=\"true\" data-processed=\"true\"><span style=\"font-family: verdana, geneva, sans-serif;\">188M v\u1eadn h\u00e0nh v\u1edbi ph\u01b0\u01a1ng ch\u00e2m minh b\u1ea1ch v\u00e0 c\u00f4ng b\u1eb1ng. M\u1ecdi quy\u1ec1n l\u1ee3i c\u1ee7a h\u1ed9i vi\u00ean \u0111\u1ec1u \u0111\u01b0\u1ee3c \u0111\u1eb7t l\u00ean h\u00e0ng \u0111\u1ea7u th\u00f4ng qua h\u1ec7 th\u1ed1ng b\u1ea3o m\u1eadt \u0111a t\u1ea7ng, \u0111\u1ea3m b\u1ea3o an to\u00e0n tuy\u1ec7t \u0111\u1ed1i cho th\u00f4ng tin c\u00e1 nh\u00e2n v\u00e0 m\u1ecdi giao d\u1ecbch t\u00e0i ch\u00ednh.<\/span><\/div>\n<p class=\"otQkpb\" role=\"heading\" aria-level=\"3\" data-sfc-root=\"c\" data-complete=\"true\" data-processed=\"true\"><span style=\"font-family: verdana, geneva, sans-serif;\"><strong>C\u00f4ng ngh\u1ec7 ti\u00ean ti\u1ebfn, Giao d\u1ecbch si\u00eau t\u1ed1c<\/strong><\/span><\/p>\n<div class=\"Y3BBE\" data-sfc-cp=\"\" data-sfc-root=\"c\" data-sfc-cb=\"\" data-hveid=\"CAEIDBAA\" data-complete=\"true\" data-processed=\"true\"><span style=\"font-family: verdana, geneva, sans-serif;\">S\u1edf h\u1eefu n\u1ec1n t\u1ea3ng c\u00f4ng ngh\u1ec7 hi\u1ec7n \u0111\u1ea1i, 188M t\u1ed1i \u01b0u h\u00f3a m\u1ecdi thao t\u00e1c t\u1eeb n\u1ea1p, r\u00fat ti\u1ec1n \u0111\u1ebfn \u0111\u1eb7t c\u01b0\u1ee3c. C\u00e1c l\u1ec7nh giao d\u1ecbch \u0111\u01b0\u1ee3c x\u1eed l\u00fd g\u1ea7n nh\u01b0 t\u1ee9c th\u00ec, gi\u00fap ng\u01b0\u1eddi ch\u01a1i ti\u1ebft ki\u1ec7m th\u1eddi gian v\u00e0 t\u1eadn h\u01b0\u1edfng cu\u1ed9c vui kh\u00f4ng gi\u00e1n \u0111o\u1ea1n.<\/span><\/div>\n<h2 class=\"otQkpb\" role=\"heading\" aria-level=\"3\" data-sfc-root=\"c\" data-processed=\"true\" data-complete=\"true\"><span style=\"font-family: verdana, geneva, sans-serif;\"><strong>Kho tr\u00f2 ch\u01a1i gi\u1ea3i tr\u00ed c\u1ef1c kh\u1ee7ng<\/strong><\/span><\/h2>\n<div class=\"Y3BBE\" data-sfc-cp=\"\" data-sfc-root=\"c\" data-sfc-cb=\"\" data-hveid=\"CAEIDhAA\" data-complete=\"true\" data-processed=\"true\"><span style=\"font-family: verdana, geneva, sans-serif;\">Ch\u1ec9 v\u1edbi m\u1ed9t c\u00fa ch\u1ea1m, b\u1ea1n c\u00f3 th\u1ec3 kh\u00e1m ph\u00e1 c\u1ea3 th\u1ebf gi\u1edbi gi\u1ea3i tr\u00ed thu nh\u1ecf t\u1ea1i 188M:<\/span><\/div>\n<ul class=\"KsbFXc U6u95\" data-sfc-root=\"c\" data-sfc-cb=\"\" data-complete=\"true\" data-processed=\"true\">\n<li class=\"dF3vjf\" data-sfc-root=\"c\" data-sfc-cb=\"\" data-hveid=\"CAEIDxAA\" data-complete=\"true\" data-sae=\"\"><span class=\"T286Pc\" style=\"font-family: verdana, geneva, sans-serif;\" data-sfc-cp=\"\" data-sfc-root=\"c\" data-sfc-cb=\"\" data-complete=\"true\"><strong class=\"Yjhzub\" data-sfc-root=\"c\" data-sfc-cb=\"\" data-complete=\"true\">C\u00e1 c\u01b0\u1ee3c th\u1ec3 thao:<\/strong>\u00a0\u0110\u1ea7y \u0111\u1ee7 c\u00e1c k\u00e8o \u0111\u1ea5u k\u1ecbch t\u00ednh t\u1eeb b\u00f3ng \u0111\u00e1 \u0111\u1ebfn e-sports.<\/span><\/li>\n<li class=\"dF3vjf\" data-sfc-root=\"c\" data-sfc-cb=\"\" data-hveid=\"CAEIDxAB\" data-complete=\"true\" data-sae=\"\"><span class=\"T286Pc\" style=\"font-family: verdana, geneva, sans-serif;\" data-sfc-cp=\"\" data-sfc-root=\"c\" data-sfc-cb=\"\" data-complete=\"true\"><strong class=\"Yjhzub\" data-sfc-root=\"c\" data-sfc-cb=\"\" data-complete=\"true\">Casino Live:<\/strong>\u00a0S\u1ea3nh b\u00e0i tr\u1ef1c tuy\u1ebfn chuy\u00ean nghi\u1ec7p, \u0111\u1eb3ng c\u1ea5p qu\u1ed1c t\u1ebf.<\/span><\/li>\n<li class=\"dF3vjf\" data-sfc-root=\"c\" data-sfc-cb=\"\" data-hveid=\"CAEIDxAC\" data-complete=\"true\" data-sae=\"\"><span class=\"T286Pc\" style=\"font-family: verdana, geneva, sans-serif;\" data-sfc-cp=\"\" data-sfc-root=\"c\" data-sfc-cb=\"\" data-complete=\"true\"><strong class=\"Yjhzub\" data-sfc-root=\"c\" data-sfc-cb=\"\" data-complete=\"true\">\u0110\u00e1 g\u00e0 &amp; B\u1eafn c\u00e1:<\/strong>\u00a0H\u00ecnh \u1ea3nh s\u1eafc n\u00e9t, \u00e2m thanh s\u1ed1ng \u0111\u1ed9ng nh\u01b0 th\u1eadt.<\/span><\/li>\n<li class=\"dF3vjf\" data-sfc-root=\"c\" data-sfc-cb=\"\" data-hveid=\"CAEIDxAD\" data-complete=\"true\" data-sae=\"\"><span class=\"T286Pc\" style=\"font-family: verdana, geneva, sans-serif;\" data-sfc-cp=\"\" data-sfc-root=\"c\" data-sfc-cb=\"\" data-complete=\"true\"><strong class=\"Yjhzub\" data-sfc-root=\"c\" data-sfc-cb=\"\" data-complete=\"true\">N\u1ed5 h\u0169 &amp; T\u00e0i x\u1ec9u:<\/strong> T\u1ef7 l\u1ec7 th\u01b0\u1edfng c\u1ef1c cao, d\u1ec5 ch\u01a1i v\u00e0 d\u1ec5 n\u1ed5 h\u0169 l\u1edbn.<\/span><\/li>\n<\/ul>\n<h2 class=\"otQkpb\" role=\"heading\" aria-level=\"3\" data-sfc-root=\"c\" data-complete=\"true\" data-processed=\"true\"><span style=\"font-family: verdana, geneva, sans-serif;\"><strong>T\u1ed1i \u01afu Tr\u1ea3i Nghi\u1ec7m Ng\u01b0\u1eddi D\u00f9ng T\u1ea1i H\u1ec7 Sinh Th\u00e1i 188M<\/strong><\/span><\/h2>\n<div class=\"Y3BBE\" data-sfc-cp=\"\" data-sfc-root=\"c\" data-sfc-cb=\"\" data-hveid=\"CAEIEhAA\" data-complete=\"true\" data-processed=\"true\"><span style=\"font-family: verdana, geneva, sans-serif;\">188M kh\u00f4ng ch\u1ec9 \u0111\u01a1n thu\u1ea7n l\u00e0 m\u1ed9t nh\u00e0 c\u00e1i, m\u00e0 l\u00e0 m\u1ed9t n\u1ec1n t\u1ea3ng \u0111\u01b0\u1ee3c thi\u1ebft k\u1ebf chuy\u00ean bi\u1ec7t \u0111\u1ec3 t\u1ed1i \u01b0u h\u00f3a tr\u1ea3i nghi\u1ec7m kh\u00e1ch h\u00e0ng t\u1eeb \u0111\u1ea7u \u0111\u1ebfn cu\u1ed1i.<\/span><\/div>\n<ul class=\"KsbFXc U6u95\" data-sfc-root=\"c\" data-sfc-cb=\"\" data-complete=\"true\" data-processed=\"true\">\n<li class=\"dF3vjf\" data-sfc-root=\"c\" data-sfc-cb=\"\" data-hveid=\"CAEIExAA\" data-complete=\"true\" data-sae=\"\"><span class=\"T286Pc\" style=\"font-family: verdana, geneva, sans-serif;\" data-sfc-cp=\"\" data-sfc-root=\"c\" data-sfc-cb=\"\" data-complete=\"true\"><strong class=\"Yjhzub\" data-sfc-root=\"c\" data-sfc-cb=\"\" data-complete=\"true\">T\u1ed1c \u0111\u1ed9 v\u01b0\u1ee3t tr\u1ed9i:<\/strong>\u00a0M\u1ecdi t\u00ednh n\u0103ng tr\u00ean h\u1ec7 th\u1ed1ng \u0111\u1ec1u \u0111\u01b0\u1ee3c tinh ch\u1ec9nh \u0111\u1ec3 th\u1ef1c hi\u1ec7n t\u1ee9c th\u00ec, lo\u1ea1i b\u1ecf ho\u00e0n to\u00e0n t\u00ecnh tr\u1ea1ng gi\u1eadt lag hay gi\u00e1n \u0111o\u1ea1n.<\/span><\/li>\n<li class=\"dF3vjf\" data-sfc-root=\"c\" data-sfc-cb=\"\" data-hveid=\"CAEIExAB\" data-complete=\"true\" data-sae=\"\"><span class=\"T286Pc\" style=\"font-family: verdana, geneva, sans-serif;\" data-sfc-cp=\"\" data-sfc-root=\"c\" data-sfc-cb=\"\" data-complete=\"true\"><strong class=\"Yjhzub\" data-sfc-root=\"c\" data-sfc-cb=\"\" data-complete=\"true\">Giao di\u1ec7n tr\u1ef1c quan:<\/strong>\u00a0Thi\u1ebft k\u1ebf hi\u1ec7n \u0111\u1ea1i, b\u1ed1 c\u1ee5c khoa h\u1ecdc gi\u00fap ng\u01b0\u1eddi ch\u01a1i \u2013 k\u1ec3 c\u1ea3 th\u00e0nh vi\u00ean m\u1edbi \u2013 \u0111\u1ec1u c\u00f3 th\u1ec3 thao t\u00e1c d\u1ec5 d\u00e0ng.<\/span><\/li>\n<li class=\"dF3vjf\" data-sfc-root=\"c\" data-sfc-cb=\"\" data-hveid=\"CAEIExAC\" data-complete=\"true\" data-sae=\"\"><span class=\"T286Pc\" style=\"font-family: verdana, geneva, sans-serif;\" data-sfc-cp=\"\" data-sfc-root=\"c\" data-sfc-cb=\"\" data-complete=\"true\"><strong class=\"Yjhzub\" data-sfc-root=\"c\" data-sfc-cb=\"\" data-complete=\"true\">\u0110a n\u1ec1n t\u1ea3ng:<\/strong>\u00a0H\u1ec7 th\u1ed1ng t\u01b0\u01a1ng th\u00edch ho\u00e0n h\u1ea3o tr\u00ean m\u1ecdi thi\u1ebft b\u1ecb t\u1eeb \u0111i\u1ec7n tho\u1ea1i th\u00f4ng minh (iOS\/Android), m\u00e1y t\u00ednh b\u1ea3ng \u0111\u1ebfn PC.<\/span><\/li>\n<li class=\"dF3vjf\" data-sfc-root=\"c\" data-sfc-cb=\"\" data-hveid=\"CAEIExAD\" data-complete=\"true\" data-sae=\"\"><span class=\"T286Pc\" style=\"font-family: verdana, geneva, sans-serif;\" data-sfc-cp=\"\" data-sfc-root=\"c\" data-sfc-cb=\"\" data-complete=\"true\" aria-owns=\"action-menu-parent-container\"><strong class=\"Yjhzub\" data-sfc-root=\"c\" data-sfc-cb=\"\" data-complete=\"true\">H\u1ed7 tr\u1ee3 chuy\u00ean nghi\u1ec7p 24\/7:<\/strong>\u00a0\u0110\u1ed9i ng\u0169 CSKH \u0111\u01b0\u1ee3c \u0111\u00e0o t\u1ea1o b\u00e0i b\u1ea3n, lu\u00f4n s\u1eb5n s\u00e0ng l\u1eafng nghe v\u00e0 gi\u1ea3i \u0111\u00e1p m\u1ecdi th\u1eafc m\u1eafc c\u1ee7a ng\u01b0\u1eddi ch\u01a1i b\u1ea5t k\u1ec3 ng\u00e0y \u0111\u00eam.<\/span><\/li>\n<\/ul>\n<h2 class=\"otQkpb\" role=\"heading\" aria-level=\"3\" data-sfc-root=\"c\" data-complete=\"true\" data-processed=\"true\"><span style=\"font-family: verdana, geneva, sans-serif;\"><strong>188M \u2013 \u0110i\u1ec3m \u0110\u1ebfn L\u00fd T\u01b0\u1edfng Cho Game Th\u1ee7 Th\u00f4ng Minh<\/strong><\/span><\/h2>\n<div class=\"Y3BBE\" data-sfc-cp=\"\" data-sfc-root=\"c\" data-sfc-cb=\"\" data-hveid=\"CAEIFhAA\" data-complete=\"true\" data-processed=\"true\"><span style=\"font-family: verdana, geneva, sans-serif;\">Khi gia nh\u1eadp c\u1ed9ng \u0111\u1ed3ng\u00a0<strong class=\"Yjhzub\" data-sfc-root=\"c\" data-sfc-cb=\"\" data-complete=\"true\" data-processed=\"true\">188M<\/strong>, m\u1ed7i th\u00e0nh vi\u00ean \u0111\u1ec1u \u0111\u01b0\u1ee3c t\u1eadn h\u01b0\u1edfng nh\u1eefng l\u1ee3i th\u1ebf tuy\u1ec7t v\u1eddi nh\u1ea5t v\u1ec1 t\u1ed1c \u0111\u1ed9, b\u1ea3o m\u1eadt v\u00e0 s\u1ef1 \u0111a d\u1ea1ng. \u0110\u00e2y l\u00e0 n\u01a1i m\u00e0 vi\u1ec7c gi\u1ea3i tr\u00ed c\u00e1 c\u01b0\u1ee3c tr\u1edf n\u00ean an to\u00e0n v\u00e0 hi\u1ec7u qu\u1ea3 h\u01a1n bao gi\u1edd h\u1ebft, gi\u00fap b\u1ea1n t\u1eadp trung ho\u00e0n to\u00e0n v\u00e0o chi\u1ebfn thu\u1eadt v\u00e0 ni\u1ec1m vui th\u1eafng c\u01b0\u1ee3c m\u00e0 kh\u00f4ng ph\u1ea3i lo l\u1eafng v\u1ec1 r\u1ee7i ro.<\/span><\/div>\n<div class=\"Y3BBE\" data-sfc-cp=\"\" data-sfc-root=\"c\" data-sfc-cb=\"\" data-hveid=\"CAEIFxAA\" data-complete=\"true\" data-processed=\"true\"><span style=\"font-family: verdana, geneva, sans-serif;\">\ud83d\udc49\u00a0<strong class=\"Yjhzub\" data-sfc-root=\"c\" data-sfc-cb=\"\" data-complete=\"true\" data-processed=\"true\">Ch\u1ec9 v\u1edbi m\u1ed9t t\u00e0i kho\u1ea3n duy nh\u1ea5t<\/strong>, b\u1ea1n s\u1ebd m\u1edf ra c\u00e1nh c\u1eeda tr\u1ea3i nghi\u1ec7m to\u00e0n b\u1ed9 th\u1ebf gi\u1edbi gi\u1ea3i tr\u00ed \u0111\u1ec9nh cao c\u1ee7a 188M \u2013 nhanh ch\u00f3ng, an to\u00e0n v\u00e0 t\u1ed1i \u01b0u tuy\u1ec7t \u0111\u1ed1i.<\/span><\/div>\n<div class=\"Y3BBE\" data-sfc-cp=\"\" data-sfc-root=\"c\" data-sfc-cb=\"\" data-hveid=\"CAEIGBAA\" data-complete=\"true\" data-processed=\"true\"><span style=\"font-family: verdana, geneva, sans-serif;\"><strong class=\"Yjhzub\" data-sfc-root=\"c\" data-sfc-cb=\"\" data-complete=\"true\" data-processed=\"true\" aria-owns=\"action-menu-parent-container\">C\u1ed5ng game 188M \u2013 N\u1ec1n t\u1ea3ng c\u00e1 c\u01b0\u1ee3c \u0111\u00e1ng tin c\u1eady, n\u00e2ng t\u1ea7m \u0111\u1eb3ng c\u1ea5p gi\u1ea3i tr\u00ed c\u1ee7a b\u1ea1n!<\/strong><\/span><\/div>\n\t\t\n<style>\n#text-3137948486 {\n  color: rgb(0,0,0);\n}\n#text-3137948486 > * {\n  color: rgb(0,0,0);\n}\n<\/style>\n\t<\/div>\n\t\n\t\t<\/div>\n\t\t\t\t\t<\/div>\n\n\t\n<\/div>\n","protected":false},"excerpt":{"rendered":"","protected":false},"author":1,"featured_media":6,"parent":0,"menu_order":0,"comment_status":"closed","ping_status":"closed","template":"","meta":{"footnotes":""},"class_list":["post-31","page","type-page","status-publish","has-post-thumbnail","hentry"],"_links":{"self":[{"href":"https:\/\/188m.casino\/index.php?rest_route=\/wp\/v2\/pages\/31","targetHints":{"allow":["GET"]}}],"collection":[{"href":"https:\/\/188m.casino\/index.php?rest_route=\/wp\/v2\/pages"}],"about":[{"href":"https:\/\/188m.casino\/index.php?rest_route=\/wp\/v2\/types\/page"}],"author":[{"embeddable":true,"href":"https:\/\/188m.casino\/index.php?rest_route=\/wp\/v2\/users\/1"}],"replies":[{"embeddable":true,"href":"https:\/\/188m.casino\/index.php?rest_route=%2Fwp%2Fv2%2Fcomments&post=31"}],"version-history":[{"count":5,"href":"https:\/\/188m.casino\/index.php?rest_route=\/wp\/v2\/pages\/31\/revisions"}],"predecessor-version":[{"id":51,"href":"https:\/\/188m.casino\/index.php?rest_route=\/wp\/v2\/pages\/31\/revisions\/51"}],"wp:featuredmedia":[{"embeddable":true,"href":"https:\/\/188m.casino\/index.php?rest_route=\/wp\/v2\/media\/6"}],"wp:attachment":[{"href":"https:\/\/188m.casino\/index.php?rest_route=%2Fwp%2Fv2%2Fmedia&parent=31"}],"curies":[{"name":"wp","href":"https:\/\/api.w.org\/{rel}","templated":true}]}}